{"id":21,"date":"2022-08-03T11:02:24","date_gmt":"2022-08-03T14:02:24","guid":{"rendered":"https:\/\/www.geradordeideias.com\/dev\/estimullos\/academia\/?page_id=21"},"modified":"2022-09-09T14:34:02","modified_gmt":"2022-09-09T17:34:02","slug":"blog","status":"publish","type":"page","link":"https:\/\/www.estimullos.com.br\/academia\/blog\/","title":{"rendered":"Blog"},"content":{"rendered":"","protected":false},"excerpt":{"rendered":"","protected":false},"author":1,"featured_media":0,"parent":0,"menu_order":0,"comment_status":"closed","ping_status":"closed","template":"","meta":{"_joinchat":[]},"yoast_head":"<!-- This site is optimized with the Yoast SEO plugin v19.6.1 - https:\/\/yoast.com\/wordpress\/plugins\/seo\/ -->\n<title>Blog - Estimullos | Eletroestimula\u00e7\u00e3o Muscular<\/title>\n<meta name=\"description\" content=\"Somos uma academia que utiliza a tecnologia de eletroestimula\u00e7\u00e3o muscular para personalizar o treino f\u00edsico e otimizar resultados.\" \/>\n<meta name=\"robots\" content=\"index, follow, max-snippet:-1, max-image-preview:large, max-video-preview:-1\" \/>\n<link rel=\"canonical\" href=\"https:\/\/www.estimullos.com.br\/academia\/blog\/\" \/>\n<meta property=\"og:locale\" content=\"pt_BR\" \/>\n<meta property=\"og:type\" content=\"article\" \/>\n<meta property=\"og:title\" content=\"Blog - Estimullos | Eletroestimula\u00e7\u00e3o Muscular\" \/>\n<meta property=\"og:description\" content=\"Somos uma academia que utiliza a tecnologia de eletroestimula\u00e7\u00e3o muscular para personalizar o treino f\u00edsico e otimizar resultados.\" \/>\n<meta property=\"og:url\" content=\"https:\/\/www.estimullos.com.br\/academia\/blog\/\" \/>\n<meta property=\"og:site_name\" content=\"Estimullos\" \/>\n<meta property=\"article:modified_time\" content=\"2022-09-09T17:34:02+00:00\" \/>\n<meta name=\"twitter:card\" content=\"summary_large_image\" \/>\n<script type=\"application\/ld+json\" class=\"yoast-schema-graph\">{\"@context\":\"https:\/\/schema.org\",\"@graph\":[{\"@type\":\"WebPage\",\"@id\":\"https:\/\/www.estimullos.com.br\/academia\/blog\/\",\"url\":\"https:\/\/www.estimullos.com.br\/academia\/blog\/\",\"name\":\"Blog - Estimullos | Eletroestimula\u00e7\u00e3o Muscular\",\"isPartOf\":{\"@id\":\"https:\/\/www.geradordeideias.com\/dev\/estimullos\/academia\/#website\"},\"datePublished\":\"2022-08-03T14:02:24+00:00\",\"dateModified\":\"2022-09-09T17:34:02+00:00\",\"description\":\"Somos uma academia que utiliza a tecnologia de eletroestimula\u00e7\u00e3o muscular para personalizar o treino f\u00edsico e otimizar resultados.\",\"breadcrumb\":{\"@id\":\"https:\/\/www.estimullos.com.br\/academia\/blog\/#breadcrumb\"},\"inLanguage\":\"pt-BR\",\"potentialAction\":[{\"@type\":\"ReadAction\",\"target\":[\"https:\/\/www.estimullos.com.br\/academia\/blog\/\"]}]},{\"@type\":\"BreadcrumbList\",\"@id\":\"https:\/\/www.estimullos.com.br\/academia\/blog\/#breadcrumb\",\"itemListElement\":[{\"@type\":\"ListItem\",\"position\":1,\"name\":\"In\u00edcio\",\"item\":\"https:\/\/www.geradordeideias.com\/dev\/estimullos\/academia\/\"},{\"@type\":\"ListItem\",\"position\":2,\"name\":\"Blog\"}]},{\"@type\":\"WebSite\",\"@id\":\"https:\/\/www.geradordeideias.com\/dev\/estimullos\/academia\/#website\",\"url\":\"https:\/\/www.geradordeideias.com\/dev\/estimullos\/academia\/\",\"name\":\"Estimullos\",\"description\":\"Eletroestimula\u00e7\u00e3o Muscular\",\"potentialAction\":[{\"@type\":\"SearchAction\",\"target\":{\"@type\":\"EntryPoint\",\"urlTemplate\":\"https:\/\/www.geradordeideias.com\/dev\/estimullos\/academia\/?s={search_term_string}\"},\"query-input\":\"required name=search_term_string\"}],\"inLanguage\":\"pt-BR\"}]}<\/script>\n<!-- \/ Yoast SEO plugin. -->","yoast_head_json":{"title":"Blog - Estimullos | Eletroestimula\u00e7\u00e3o Muscular","description":"Somos uma academia que utiliza a tecnologia de eletroestimula\u00e7\u00e3o muscular para personalizar o treino f\u00edsico e otimizar resultados.","robots":{"index":"index","follow":"follow","max-snippet":"max-snippet:-1","max-image-preview":"max-image-preview:large","max-video-preview":"max-video-preview:-1"},"canonical":"https:\/\/www.estimullos.com.br\/academia\/blog\/","og_locale":"pt_BR","og_type":"article","og_title":"Blog - Estimullos | Eletroestimula\u00e7\u00e3o Muscular","og_description":"Somos uma academia que utiliza a tecnologia de eletroestimula\u00e7\u00e3o muscular para personalizar o treino f\u00edsico e otimizar resultados.","og_url":"https:\/\/www.estimullos.com.br\/academia\/blog\/","og_site_name":"Estimullos","article_modified_time":"2022-09-09T17:34:02+00:00","twitter_card":"summary_large_image","schema":{"@context":"https:\/\/schema.org","@graph":[{"@type":"WebPage","@id":"https:\/\/www.estimullos.com.br\/academia\/blog\/","url":"https:\/\/www.estimullos.com.br\/academia\/blog\/","name":"Blog - Estimullos | Eletroestimula\u00e7\u00e3o Muscular","isPartOf":{"@id":"https:\/\/www.geradordeideias.com\/dev\/estimullos\/academia\/#website"},"datePublished":"2022-08-03T14:02:24+00:00","dateModified":"2022-09-09T17:34:02+00:00","description":"Somos uma academia que utiliza a tecnologia de eletroestimula\u00e7\u00e3o muscular para personalizar o treino f\u00edsico e otimizar resultados.","breadcrumb":{"@id":"https:\/\/www.estimullos.com.br\/academia\/blog\/#breadcrumb"},"inLanguage":"pt-BR","potentialAction":[{"@type":"ReadAction","target":["https:\/\/www.estimullos.com.br\/academia\/blog\/"]}]},{"@type":"BreadcrumbList","@id":"https:\/\/www.estimullos.com.br\/academia\/blog\/#breadcrumb","itemListElement":[{"@type":"ListItem","position":1,"name":"In\u00edcio","item":"https:\/\/www.geradordeideias.com\/dev\/estimullos\/academia\/"},{"@type":"ListItem","position":2,"name":"Blog"}]},{"@type":"WebSite","@id":"https:\/\/www.geradordeideias.com\/dev\/estimullos\/academia\/#website","url":"https:\/\/www.geradordeideias.com\/dev\/estimullos\/academia\/","name":"Estimullos","description":"Eletroestimula\u00e7\u00e3o Muscular","potentialAction":[{"@type":"SearchAction","target":{"@type":"EntryPoint","urlTemplate":"https:\/\/www.geradordeideias.com\/dev\/estimullos\/academia\/?s={search_term_string}"},"query-input":"required name=search_term_string"}],"inLanguage":"pt-BR"}]}},"_links":{"self":[{"href":"https:\/\/www.estimullos.com.br\/academia\/wp-json\/wp\/v2\/pages\/21"}],"collection":[{"href":"https:\/\/www.estimullos.com.br\/academia\/wp-json\/wp\/v2\/pages"}],"about":[{"href":"https:\/\/www.estimullos.com.br\/academia\/wp-json\/wp\/v2\/types\/page"}],"author":[{"embeddable":true,"href":"https:\/\/www.estimullos.com.br\/academia\/wp-json\/wp\/v2\/users\/1"}],"replies":[{"embeddable":true,"href":"https:\/\/www.estimullos.com.br\/academia\/wp-json\/wp\/v2\/comments?post=21"}],"version-history":[{"count":0,"href":"https:\/\/www.estimullos.com.br\/academia\/wp-json\/wp\/v2\/pages\/21\/revisions"}],"wp:attachment":[{"href":"https:\/\/www.estimullos.com.br\/academia\/wp-json\/wp\/v2\/media?parent=21"}],"curies":[{"name":"wp","href":"https:\/\/api.w.org\/{rel}","templated":true}]}}